{"id":11,"date":"2019-08-12T22:49:11","date_gmt":"2019-08-12T21:49:11","guid":{"rendered":"https:\/\/bricedandjinou.com\/offers\/?page_id=11"},"modified":"2019-08-14T11:42:23","modified_gmt":"2019-08-14T10:42:23","slug":"destructeur-de-diabete-type2","status":"publish","type":"page","link":"https:\/\/bricedandjinou.com\/offers\/destructeur-de-diabete-type2\/","title":{"rendered":"Destructeur de diab\u00e8te de type 2"},"content":{"rendered":"\t\t<div data-elementor-type=\"wp-post\" data-elementor-id=\"11\" class=\"elementor elementor-11\">\n\t\t\t\t\t\t<div class=\"elementor-inner\">\n\t\t\t\t<div class=\"elementor-section-wrap\">\n\t\t\t\t\t\t\t\t\t<section class=\"elementor-section elementor-top-section elementor-element elementor-element-2b16ad1e elementor-section-boxed elementor-section-height-default elementor-section-height-default\" data-id=\"2b16ad1e\" data-element_type=\"section\" data-settings=\"{&quot;background_background&quot;:&quot;classic&quot;}\">\n\t\t\t\t\t\t<div class=\"elementor-container elementor-column-gap-default\">\n\t\t\t\t\t\t\t<div class=\"elementor-row\">\n\t\t\t\t\t<div class=\"elementor-column elementor-col-100 elementor-top-column elementor-element elementor-element-131aa692\" data-id=\"131aa692\" data-element_type=\"column\" data-settings=\"{&quot;background_background&quot;:&quot;classic&quot;}\">\n\t\t\t<div class=\"elementor-column-wrap elementor-element-populated\">\n\t\t\t\t\t\t\t<div class=\"elementor-widget-wrap\">\n\t\t\t\t\t\t<div class=\"elementor-element elementor-element-67b3cceb elementor-widget elementor-widget-heading\" data-id=\"67b3cceb\" data-element_type=\"widget\" data-widget_type=\"heading.default\">\n\t\t\t\t<div class=\"elementor-widget-container\">\n\t\t\t<h6 class=\"elementor-heading-title elementor-size-large\">D\u00e9couvrez le secret sur comment inverser VOTRE diab\u00e8te de type 2<\/h6>\t\t<\/div>\n\t\t\t\t<\/div>\n\t\t\t\t<div class=\"elementor-element elementor-element-404909e0 elementor-widget elementor-widget-text-editor\" data-id=\"404909e0\" data-element_type=\"widget\" data-widget_type=\"text-editor.default\">\n\t\t\t\t<div class=\"elementor-widget-container\">\n\t\t\t\t\t\t\t\t<div class=\"elementor-text-editor elementor-clearfix\">\n\t\t\t\t<p>Cliquez sur le bouton ci-dessous pour d\u00e9couvrir le secret qui vous permettra d\u2019<b>inverser NATURELLEMENT votre diab\u00e8te<\/b> afin que vous puissiez \u00e0 nouveau profiter de tous les aliments que vous aimez tant!<\/p>\t\t\t\t\t<\/div>\n\t\t\t\t\t\t<\/div>\n\t\t\t\t<\/div>\n\t\t\t\t<div class=\"elementor-element elementor-element-4d7b4544 elementor-align-center elementor-tablet-align-center elementor-mobile-align-center popmake-33 elementor-widget elementor-widget-button\" data-id=\"4d7b4544\" data-element_type=\"widget\" data-widget_type=\"button.default\">\n\t\t\t\t<div class=\"elementor-widget-container\">\n\t\t\t\t\t<div class=\"elementor-button-wrapper\">\n\t\t\t<a href=\"#\" class=\"elementor-button-link elementor-button elementor-size-sm\" role=\"button\">\n\t\t\t\t\t\t<span class=\"elementor-button-content-wrapper\">\n\t\t\t\t\t\t\t<span class=\"elementor-button-icon elementor-align-icon-right\">\n\t\t\t\t<i aria-hidden=\"true\" class=\"fas fa-caret-right\"><\/i>\t\t\t<\/span>\n\t\t\t\t\t\t<span class=\"elementor-button-text\">ACCEDEZ A LA METHODE<\/span>\n\t\t<\/span>\n\t\t\t\t\t<\/a>\n\t\t<\/div>\n\t\t\t\t<\/div>\n\t\t\t\t<\/div>\n\t\t\t\t\t\t<\/div>\n\t\t\t\t\t<\/div>\n\t\t<\/div>\n\t\t\t\t\t\t\t\t<\/div>\n\t\t\t\t\t<\/div>\n\t\t<\/section>\n\t\t\t\t\t\t\t\t\t<\/div>\n\t\t\t<\/div>\n\t\t\t\t\t<\/div>\n\t\t","protected":false},"excerpt":{"rendered":"<p>D\u00e9couvrez le secret sur comment inverser VOTRE diab\u00e8te de type 2 Cliquez sur le bouton ci-dessous pour d\u00e9couvrir le secret qui vous permettra d\u2019inverser NATURELLEMENT votre diab\u00e8te afin que vous puissiez \u00e0 nouveau profiter de tous les aliments que vous aimez tant! ACCEDEZ A LA METHODE<\/p>\n","protected":false},"author":1,"featured_media":0,"parent":0,"menu_order":0,"comment_status":"closed","ping_status":"closed","template":"elementor_canvas","meta":[],"yoast_head":"<!-- This site is optimized with the Yoast SEO plugin v19.7.1 - https:\/\/yoast.com\/wordpress\/plugins\/seo\/ -->\n<title>Diab\u00e8te de type 2 : D\u00e9couvrez le secret sur comment l&#039;inverser<\/title>\n<meta name=\"description\" content=\"Destructeur de diab\u00e8te. D\u00e9couvrez le secret sur comment inverser VOTRE diab\u00e8te de type 2 naturellement. Soyez et restez en bonne sant\u00e9.\" \/>\n<meta name=\"robots\" content=\"index, follow, max-snippet:-1, max-image-preview:large, max-video-preview:-1\" \/>\n<link rel=\"canonical\" href=\"https:\/\/bricedandjinou.com\/offers\/destructeur-de-diabete-type2\/\" \/>\n<meta property=\"og:locale\" content=\"fr_FR\" \/>\n<meta property=\"og:type\" content=\"article\" \/>\n<meta property=\"og:title\" content=\"Diab\u00e8te de type 2 : D\u00e9couvrez le secret sur comment l&#039;inverser\" \/>\n<meta property=\"og:description\" content=\"Destructeur de diab\u00e8te. D\u00e9couvrez le secret sur comment inverser VOTRE diab\u00e8te de type 2 naturellement. Soyez et restez en bonne sant\u00e9.\" \/>\n<meta property=\"og:url\" content=\"https:\/\/bricedandjinou.com\/offers\/destructeur-de-diabete-type2\/\" \/>\n<meta property=\"og:site_name\" content=\"BIP - Mes offres\" \/>\n<meta property=\"article:modified_time\" content=\"2019-08-14T10:42:23+00:00\" \/>\n<meta name=\"twitter:card\" content=\"summary_large_image\" \/>\n<script type=\"application\/ld+json\" class=\"yoast-schema-graph\">{\"@context\":\"https:\/\/schema.org\",\"@graph\":[{\"@type\":\"WebPage\",\"@id\":\"https:\/\/bricedandjinou.com\/offers\/destructeur-de-diabete-type2\/\",\"url\":\"https:\/\/bricedandjinou.com\/offers\/destructeur-de-diabete-type2\/\",\"name\":\"Diab\u00e8te de type 2 : D\u00e9couvrez le secret sur comment l'inverser\",\"isPartOf\":{\"@id\":\"https:\/\/bricedandjinou.com\/offers\/#website\"},\"datePublished\":\"2019-08-12T21:49:11+00:00\",\"dateModified\":\"2019-08-14T10:42:23+00:00\",\"description\":\"Destructeur de diab\u00e8te. D\u00e9couvrez le secret sur comment inverser VOTRE diab\u00e8te de type 2 naturellement. Soyez et restez en bonne sant\u00e9.\",\"breadcrumb\":{\"@id\":\"https:\/\/bricedandjinou.com\/offers\/destructeur-de-diabete-type2\/#breadcrumb\"},\"inLanguage\":\"fr-FR\",\"potentialAction\":[{\"@type\":\"ReadAction\",\"target\":[\"https:\/\/bricedandjinou.com\/offers\/destructeur-de-diabete-type2\/\"]}]},{\"@type\":\"BreadcrumbList\",\"@id\":\"https:\/\/bricedandjinou.com\/offers\/destructeur-de-diabete-type2\/#breadcrumb\",\"itemListElement\":[{\"@type\":\"ListItem\",\"position\":1,\"name\":\"Accueil\",\"item\":\"https:\/\/bricedandjinou.com\/offers\/\"},{\"@type\":\"ListItem\",\"position\":2,\"name\":\"Destructeur de diab\u00e8te de type 2\"}]},{\"@type\":\"WebSite\",\"@id\":\"https:\/\/bricedandjinou.com\/offers\/#website\",\"url\":\"https:\/\/bricedandjinou.com\/offers\/\",\"name\":\"BIP - Mes offres\",\"description\":\"BIP - Mes offres\",\"potentialAction\":[{\"@type\":\"SearchAction\",\"target\":{\"@type\":\"EntryPoint\",\"urlTemplate\":\"https:\/\/bricedandjinou.com\/offers\/?s={search_term_string}\"},\"query-input\":\"required name=search_term_string\"}],\"inLanguage\":\"fr-FR\"}]}<\/script>\n<!-- \/ Yoast SEO plugin. -->","yoast_head_json":{"title":"Diab\u00e8te de type 2 : D\u00e9couvrez le secret sur comment l'inverser","description":"Destructeur de diab\u00e8te. D\u00e9couvrez le secret sur comment inverser VOTRE diab\u00e8te de type 2 naturellement. Soyez et restez en bonne sant\u00e9.","robots":{"index":"index","follow":"follow","max-snippet":"max-snippet:-1","max-image-preview":"max-image-preview:large","max-video-preview":"max-video-preview:-1"},"canonical":"https:\/\/bricedandjinou.com\/offers\/destructeur-de-diabete-type2\/","og_locale":"fr_FR","og_type":"article","og_title":"Diab\u00e8te de type 2 : D\u00e9couvrez le secret sur comment l'inverser","og_description":"Destructeur de diab\u00e8te. D\u00e9couvrez le secret sur comment inverser VOTRE diab\u00e8te de type 2 naturellement. Soyez et restez en bonne sant\u00e9.","og_url":"https:\/\/bricedandjinou.com\/offers\/destructeur-de-diabete-type2\/","og_site_name":"BIP - Mes offres","article_modified_time":"2019-08-14T10:42:23+00:00","twitter_card":"summary_large_image","schema":{"@context":"https:\/\/schema.org","@graph":[{"@type":"WebPage","@id":"https:\/\/bricedandjinou.com\/offers\/destructeur-de-diabete-type2\/","url":"https:\/\/bricedandjinou.com\/offers\/destructeur-de-diabete-type2\/","name":"Diab\u00e8te de type 2 : D\u00e9couvrez le secret sur comment l'inverser","isPartOf":{"@id":"https:\/\/bricedandjinou.com\/offers\/#website"},"datePublished":"2019-08-12T21:49:11+00:00","dateModified":"2019-08-14T10:42:23+00:00","description":"Destructeur de diab\u00e8te. D\u00e9couvrez le secret sur comment inverser VOTRE diab\u00e8te de type 2 naturellement. Soyez et restez en bonne sant\u00e9.","breadcrumb":{"@id":"https:\/\/bricedandjinou.com\/offers\/destructeur-de-diabete-type2\/#breadcrumb"},"inLanguage":"fr-FR","potentialAction":[{"@type":"ReadAction","target":["https:\/\/bricedandjinou.com\/offers\/destructeur-de-diabete-type2\/"]}]},{"@type":"BreadcrumbList","@id":"https:\/\/bricedandjinou.com\/offers\/destructeur-de-diabete-type2\/#breadcrumb","itemListElement":[{"@type":"ListItem","position":1,"name":"Accueil","item":"https:\/\/bricedandjinou.com\/offers\/"},{"@type":"ListItem","position":2,"name":"Destructeur de diab\u00e8te de type 2"}]},{"@type":"WebSite","@id":"https:\/\/bricedandjinou.com\/offers\/#website","url":"https:\/\/bricedandjinou.com\/offers\/","name":"BIP - Mes offres","description":"BIP - Mes offres","potentialAction":[{"@type":"SearchAction","target":{"@type":"EntryPoint","urlTemplate":"https:\/\/bricedandjinou.com\/offers\/?s={search_term_string}"},"query-input":"required name=search_term_string"}],"inLanguage":"fr-FR"}]}},"_links":{"self":[{"href":"https:\/\/bricedandjinou.com\/offers\/wp-json\/wp\/v2\/pages\/11"}],"collection":[{"href":"https:\/\/bricedandjinou.com\/offers\/wp-json\/wp\/v2\/pages"}],"about":[{"href":"https:\/\/bricedandjinou.com\/offers\/wp-json\/wp\/v2\/types\/page"}],"author":[{"embeddable":true,"href":"https:\/\/bricedandjinou.com\/offers\/wp-json\/wp\/v2\/users\/1"}],"replies":[{"embeddable":true,"href":"https:\/\/bricedandjinou.com\/offers\/wp-json\/wp\/v2\/comments?post=11"}],"version-history":[{"count":10,"href":"https:\/\/bricedandjinou.com\/offers\/wp-json\/wp\/v2\/pages\/11\/revisions"}],"predecessor-version":[{"id":38,"href":"https:\/\/bricedandjinou.com\/offers\/wp-json\/wp\/v2\/pages\/11\/revisions\/38"}],"wp:attachment":[{"href":"https:\/\/bricedandjinou.com\/offers\/wp-json\/wp\/v2\/media?parent=11"}],"curies":[{"name":"wp","href":"https:\/\/api.w.org\/{rel}","templated":true}]}}